{"id":141,"date":"2022-09-09T13:33:56","date_gmt":"2022-09-09T11:33:56","guid":{"rendered":"https:\/\/salondesrivieras.com\/?page_id=141"},"modified":"2023-02-02T09:44:08","modified_gmt":"2023-02-02T08:44:08","slug":"edition-2022","status":"publish","type":"page","link":"https:\/\/salondesrivieras.com\/index.php\/edition-2022\/","title":{"rendered":"\u00c9dition 2022"},"content":{"rendered":"\n<p class=\"has-text-align-center\"><strong>Th\u00e8me central: le go\u00fbt des choses<\/strong><\/p>\n\n\n\n<p class=\"has-text-align-center\"><strong>Invit\u00e9 d\u2019honneur: Edizioni Il Fenicottero (Italie)<\/strong><\/p>\n\n\n\n<figure class=\"wp-block-image size-large\"><img loading=\"lazy\" decoding=\"async\" width=\"724\" height=\"1024\" src=\"https:\/\/salondesrivieras.com\/wp-content\/uploads\/2022\/10\/Unknown-724x1024.jpeg\" alt=\"\" class=\"wp-image-163\" srcset=\"https:\/\/salondesrivieras.com\/wp-content\/uploads\/2022\/10\/Unknown-724x1024.jpeg 724w, https:\/\/salondesrivieras.com\/wp-content\/uploads\/2022\/10\/Unknown-212x300.jpeg 212w, https:\/\/salondesrivieras.com\/wp-content\/uploads\/2022\/10\/Unknown.jpeg 728w\" sizes=\"auto, (max-width: 724px) 100vw, 724px\" \/><\/figure>\n\n\n\n<p>L\u2019\u00e9dition 2022 s&#8217;est d\u00e9roul\u00e9 du 15 au 16 octobre et a connu un grand succ\u00e8s.<\/p>\n\n\n\n<p>Le stand collectif de la presse italienne \u00e0 l&#8217;\u00e9tranger, organis\u00e9 par Alter Italia de Mauro Marabini, a re\u00e7u beaucoup de visiteurs et a eu un \u00e9norme int\u00e9r\u00eat de la part du public.<\/p>\n\n\n\n<p>La soci\u00e9t\u00e9 am\u00e9ricaine AWA Acad\u00e9mie a pr\u00e9sent\u00e9 un catalogue tr\u00e8s int\u00e9ressant de livres audio, con\u00e7us pour les non-voyants.<\/p>\n\n\n\n<figure class=\"wp-block-image size-large\"><img loading=\"lazy\" decoding=\"async\" width=\"1024\" height=\"462\" src=\"https:\/\/salondesrivieras.com\/wp-content\/uploads\/2022\/10\/Unknown-5-1024x462.jpeg\" alt=\"\" class=\"wp-image-186\" srcset=\"https:\/\/salondesrivieras.com\/wp-content\/uploads\/2022\/10\/Unknown-5-1024x462.jpeg 1024w, https:\/\/salondesrivieras.com\/wp-content\/uploads\/2022\/10\/Unknown-5-300x135.jpeg 300w, https:\/\/salondesrivieras.com\/wp-content\/uploads\/2022\/10\/Unknown-5-768x346.jpeg 768w, https:\/\/salondesrivieras.com\/wp-content\/uploads\/2022\/10\/Unknown-5-1200x541.jpeg 1200w, https:\/\/salondesrivieras.com\/wp-content\/uploads\/2022\/10\/Unknown-5.jpeg 1280w\" sizes=\"auto, (max-width: 1024px) 100vw, 1024px\" \/><\/figure>\n\n\n\n<figure class=\"wp-block-image size-large\"><img loading=\"lazy\" decoding=\"async\" width=\"1024\" height=\"462\" src=\"https:\/\/salondesrivieras.com\/wp-content\/uploads\/2022\/10\/Unknown-1-1024x462.jpeg\" alt=\"\" class=\"wp-image-182\" srcset=\"https:\/\/salondesrivieras.com\/wp-content\/uploads\/2022\/10\/Unknown-1-1024x462.jpeg 1024w, https:\/\/salondesrivieras.com\/wp-content\/uploads\/2022\/10\/Unknown-1-300x135.jpeg 300w, https:\/\/salondesrivieras.com\/wp-content\/uploads\/2022\/10\/Unknown-1-768x346.jpeg 768w, https:\/\/salondesrivieras.com\/wp-content\/uploads\/2022\/10\/Unknown-1-1200x541.jpeg 1200w, https:\/\/salondesrivieras.com\/wp-content\/uploads\/2022\/10\/Unknown-1.jpeg 1280w\" sizes=\"auto, (max-width: 1024px) 100vw, 1024px\" \/><\/figure>\n\n\n\n<figure class=\"wp-block-image size-large\"><img loading=\"lazy\" decoding=\"async\" width=\"1024\" height=\"462\" src=\"https:\/\/salondesrivieras.com\/wp-content\/uploads\/2022\/10\/Unknown-2-1024x462.jpeg\" alt=\"\" class=\"wp-image-183\" srcset=\"https:\/\/salondesrivieras.com\/wp-content\/uploads\/2022\/10\/Unknown-2-1024x462.jpeg 1024w, https:\/\/salondesrivieras.com\/wp-content\/uploads\/2022\/10\/Unknown-2-300x135.jpeg 300w, https:\/\/salondesrivieras.com\/wp-content\/uploads\/2022\/10\/Unknown-2-768x346.jpeg 768w, https:\/\/salondesrivieras.com\/wp-content\/uploads\/2022\/10\/Unknown-2-1200x541.jpeg 1200w, https:\/\/salondesrivieras.com\/wp-content\/uploads\/2022\/10\/Unknown-2.jpeg 1280w\" sizes=\"auto, (max-width: 1024px) 100vw, 1024px\" \/><\/figure>\n\n\n\n<figure class=\"wp-block-image size-large\"><img loading=\"lazy\" decoding=\"async\" width=\"1024\" height=\"462\" src=\"https:\/\/salondesrivieras.com\/wp-content\/uploads\/2022\/10\/Unknown-3-1024x462.jpeg\" alt=\"\" class=\"wp-image-184\" srcset=\"https:\/\/salondesrivieras.com\/wp-content\/uploads\/2022\/10\/Unknown-3-1024x462.jpeg 1024w, https:\/\/salondesrivieras.com\/wp-content\/uploads\/2022\/10\/Unknown-3-300x135.jpeg 300w, https:\/\/salondesrivieras.com\/wp-content\/uploads\/2022\/10\/Unknown-3-768x346.jpeg 768w, https:\/\/salondesrivieras.com\/wp-content\/uploads\/2022\/10\/Unknown-3-1200x541.jpeg 1200w, https:\/\/salondesrivieras.com\/wp-content\/uploads\/2022\/10\/Unknown-3.jpeg 1280w\" sizes=\"auto, (max-width: 1024px) 100vw, 1024px\" \/><\/figure>\n\n\n\n<figure class=\"wp-block-image size-large\"><img loading=\"lazy\" decoding=\"async\" width=\"1024\" height=\"462\" src=\"https:\/\/salondesrivieras.com\/wp-content\/uploads\/2022\/10\/Unknown-4-1024x462.jpeg\" alt=\"\" class=\"wp-image-185\" srcset=\"https:\/\/salondesrivieras.com\/wp-content\/uploads\/2022\/10\/Unknown-4-1024x462.jpeg 1024w, https:\/\/salondesrivieras.com\/wp-content\/uploads\/2022\/10\/Unknown-4-300x135.jpeg 300w, https:\/\/salondesrivieras.com\/wp-content\/uploads\/2022\/10\/Unknown-4-768x346.jpeg 768w, https:\/\/salondesrivieras.com\/wp-content\/uploads\/2022\/10\/Unknown-4-1200x541.jpeg 1200w, https:\/\/salondesrivieras.com\/wp-content\/uploads\/2022\/10\/Unknown-4.jpeg 1280w\" sizes=\"auto, (max-width: 1024px) 100vw, 1024px\" \/><\/figure>\n\n\n\n<figure class=\"wp-block-image size-large\"><img loading=\"lazy\" decoding=\"async\" width=\"1024\" height=\"576\" src=\"https:\/\/salondesrivieras.com\/wp-content\/uploads\/2022\/10\/Unknown-5-1-1024x576.jpeg\" alt=\"\" class=\"wp-image-189\" srcset=\"https:\/\/salondesrivieras.com\/wp-content\/uploads\/2022\/10\/Unknown-5-1-1024x576.jpeg 1024w, https:\/\/salondesrivieras.com\/wp-content\/uploads\/2022\/10\/Unknown-5-1-300x169.jpeg 300w, https:\/\/salondesrivieras.com\/wp-content\/uploads\/2022\/10\/Unknown-5-1-768x432.jpeg 768w, https:\/\/salondesrivieras.com\/wp-content\/uploads\/2022\/10\/Unknown-5-1-1200x675.jpeg 1200w, https:\/\/salondesrivieras.com\/wp-content\/uploads\/2022\/10\/Unknown-5-1.jpeg 1280w\" sizes=\"auto, (max-width: 1024px) 100vw, 1024px\" \/><figcaption>Le Salon a salu\u00e9 la pr\u00e9sence de Simone BILLI, d\u00e9put\u00e9 au Parlement italien, \u00e9lu dans la circonscription &#8220;Etranger&#8221;, c&#8217;est-\u00e0-dire vot\u00e9 par les <em>expats<\/em>. Il est rest\u00e9 au stand de la &#8220;Stampa italiana all&#8217;estero&#8221;<\/figcaption><\/figure>\n\n\n\n<figure class=\"wp-block-image size-large\"><img loading=\"lazy\" decoding=\"async\" width=\"1024\" height=\"576\" src=\"https:\/\/salondesrivieras.com\/wp-content\/uploads\/2022\/10\/Unknown-6-1024x576.jpeg\" alt=\"\" class=\"wp-image-191\" srcset=\"https:\/\/salondesrivieras.com\/wp-content\/uploads\/2022\/10\/Unknown-6-1024x576.jpeg 1024w, https:\/\/salondesrivieras.com\/wp-content\/uploads\/2022\/10\/Unknown-6-300x169.jpeg 300w, https:\/\/salondesrivieras.com\/wp-content\/uploads\/2022\/10\/Unknown-6-768x432.jpeg 768w, https:\/\/salondesrivieras.com\/wp-content\/uploads\/2022\/10\/Unknown-6-1200x675.jpeg 1200w, https:\/\/salondesrivieras.com\/wp-content\/uploads\/2022\/10\/Unknown-6.jpeg 1280w\" sizes=\"auto, (max-width: 1024px) 100vw, 1024px\" \/><figcaption>Conf\u00e9rence de Franck Boval sur son livre &#8220;Sapiens, tu pionces?&#8221;<\/figcaption><\/figure>\n\n\n\n<figure class=\"wp-block-image size-large\"><img loading=\"lazy\" decoding=\"async\" width=\"1024\" height=\"576\" src=\"https:\/\/salondesrivieras.com\/wp-content\/uploads\/2022\/10\/Unknown-7-1024x576.jpeg\" alt=\"\" class=\"wp-image-192\" srcset=\"https:\/\/salondesrivieras.com\/wp-content\/uploads\/2022\/10\/Unknown-7-1024x576.jpeg 1024w, https:\/\/salondesrivieras.com\/wp-content\/uploads\/2022\/10\/Unknown-7-300x169.jpeg 300w, https:\/\/salondesrivieras.com\/wp-content\/uploads\/2022\/10\/Unknown-7-768x432.jpeg 768w, https:\/\/salondesrivieras.com\/wp-content\/uploads\/2022\/10\/Unknown-7-1200x675.jpeg 1200w, https:\/\/salondesrivieras.com\/wp-content\/uploads\/2022\/10\/Unknown-7.jpeg 1280w\" sizes=\"auto, (max-width: 1024px) 100vw, 1024px\" \/><figcaption>Projection du film documentaire &#8220;Li chiamano caminantes&#8221; (en Italien) sur l&#8217;exode des populations du V\u00e9n\u00e9zuela \u00e0 la suite de la dictature communiste qui les a spoli\u00e9 et oblig\u00e9 \u00e0 s&#8217;expatrier sans rien. L&#8217;introduction a \u00e9t\u00e9 faite par le r\u00e9alisateur du film, Oreste BOCCO<\/figcaption><\/figure>\n\n\n\n<figure class=\"wp-block-image size-large\"><img loading=\"lazy\" decoding=\"async\" width=\"1024\" height=\"462\" src=\"https:\/\/salondesrivieras.com\/wp-content\/uploads\/2022\/10\/Unknown-9-1024x462.jpeg\" alt=\"\" class=\"wp-image-194\" srcset=\"https:\/\/salondesrivieras.com\/wp-content\/uploads\/2022\/10\/Unknown-9-1024x462.jpeg 1024w, https:\/\/salondesrivieras.com\/wp-content\/uploads\/2022\/10\/Unknown-9-300x135.jpeg 300w, https:\/\/salondesrivieras.com\/wp-content\/uploads\/2022\/10\/Unknown-9-768x346.jpeg 768w, https:\/\/salondesrivieras.com\/wp-content\/uploads\/2022\/10\/Unknown-9-1200x541.jpeg 1200w, https:\/\/salondesrivieras.com\/wp-content\/uploads\/2022\/10\/Unknown-9.jpeg 1280w\" sizes=\"auto, (max-width: 1024px) 100vw, 1024px\" \/><\/figure>\n\n\n\n<figure class=\"wp-block-image size-large\"><img loading=\"lazy\" decoding=\"async\" width=\"1024\" height=\"462\" src=\"https:\/\/salondesrivieras.com\/wp-content\/uploads\/2022\/10\/Unknown-10-1024x462.jpeg\" alt=\"\" class=\"wp-image-198\" srcset=\"https:\/\/salondesrivieras.com\/wp-content\/uploads\/2022\/10\/Unknown-10-1024x462.jpeg 1024w, https:\/\/salondesrivieras.com\/wp-content\/uploads\/2022\/10\/Unknown-10-300x135.jpeg 300w, https:\/\/salondesrivieras.com\/wp-content\/uploads\/2022\/10\/Unknown-10-768x346.jpeg 768w, https:\/\/salondesrivieras.com\/wp-content\/uploads\/2022\/10\/Unknown-10-1200x541.jpeg 1200w, https:\/\/salondesrivieras.com\/wp-content\/uploads\/2022\/10\/Unknown-10.jpeg 1280w\" sizes=\"auto, (max-width: 1024px) 100vw, 1024px\" \/><figcaption>Lecture po\u00e9tique d&#8217;un passage du \u201cBal des Sir\u00e8nes\u201d intitul\u00e9 <em>Renaissance, les palais de cristal demain<\/em> par l&#8217;auteur Anastasia d&#8217;Avalon<\/figcaption><\/figure>\n\n\n\n<figure class=\"wp-block-image size-large\"><img loading=\"lazy\" decoding=\"async\" width=\"1024\" height=\"462\" src=\"https:\/\/salondesrivieras.com\/wp-content\/uploads\/2022\/10\/Unknown-11-1024x462.jpeg\" alt=\"\" class=\"wp-image-199\" srcset=\"https:\/\/salondesrivieras.com\/wp-content\/uploads\/2022\/10\/Unknown-11-1024x462.jpeg 1024w, https:\/\/salondesrivieras.com\/wp-content\/uploads\/2022\/10\/Unknown-11-300x135.jpeg 300w, https:\/\/salondesrivieras.com\/wp-content\/uploads\/2022\/10\/Unknown-11-768x346.jpeg 768w, https:\/\/salondesrivieras.com\/wp-content\/uploads\/2022\/10\/Unknown-11-1200x541.jpeg 1200w, https:\/\/salondesrivieras.com\/wp-content\/uploads\/2022\/10\/Unknown-11.jpeg 1280w\" sizes=\"auto, (max-width: 1024px) 100vw, 1024px\" \/><\/figure>\n","protected":false},"excerpt":{"rendered":"<p>Th\u00e8me central: le go\u00fbt des choses Invit\u00e9 d\u2019honneur: Edizioni Il Fenicottero (Italie) L\u2019\u00e9dition 2022 s&#8217;est d\u00e9roul\u00e9 du 15 au 16 octobre et a connu un grand succ\u00e8s. Le stand collectif de la presse italienne \u00e0 l&#8217;\u00e9tranger, organis\u00e9 par Alter Italia de Mauro Marabini, a re\u00e7u beaucoup de visiteurs et a eu un \u00e9norme int\u00e9r\u00eat de [&hellip;]<\/p>\n","protected":false},"author":1,"featured_media":0,"parent":0,"menu_order":0,"comment_status":"closed","ping_status":"closed","template":"","meta":{"footnotes":""},"class_list":["post-141","page","type-page","status-publish","hentry"],"_links":{"self":[{"href":"https:\/\/salondesrivieras.com\/index.php\/wp-json\/wp\/v2\/pages\/141","targetHints":{"allow":["GET"]}}],"collection":[{"href":"https:\/\/salondesrivieras.com\/index.php\/wp-json\/wp\/v2\/pages"}],"about":[{"href":"https:\/\/salondesrivieras.com\/index.php\/wp-json\/wp\/v2\/types\/page"}],"author":[{"embeddable":true,"href":"https:\/\/salondesrivieras.com\/index.php\/wp-json\/wp\/v2\/users\/1"}],"replies":[{"embeddable":true,"href":"https:\/\/salondesrivieras.com\/index.php\/wp-json\/wp\/v2\/comments?post=141"}],"version-history":[{"count":11,"href":"https:\/\/salondesrivieras.com\/index.php\/wp-json\/wp\/v2\/pages\/141\/revisions"}],"predecessor-version":[{"id":203,"href":"https:\/\/salondesrivieras.com\/index.php\/wp-json\/wp\/v2\/pages\/141\/revisions\/203"}],"wp:attachment":[{"href":"https:\/\/salondesrivieras.com\/index.php\/wp-json\/wp\/v2\/media?parent=141"}],"curies":[{"name":"wp","href":"https:\/\/api.w.org\/{rel}","templated":true}]}}