{"id":2,"date":"2021-05-31T10:05:00","date_gmt":"2021-05-31T08:05:00","guid":{"rendered":"http:\/\/salondesrivieras.com\/?page_id=2"},"modified":"2025-06-29T22:29:33","modified_gmt":"2025-06-29T20:29:33","slug":"page-d-exemple","status":"publish","type":"page","link":"https:\/\/salondesrivieras.com\/index.php\/page-d-exemple\/","title":{"rendered":"R\u00e8glement"},"content":{"rendered":"\n<p>Le Salon du Livre spirituel des Rivieras a lieu chaque ann\u00e9e \u00e0 Menton, sur la C\u00f4te d\u2019Azur. Il est organis\u00e9 par la cin\u00e9aste et \u00e9crivaine Liana Marabini avec la collaboration de l\u2019\u00e9crivain fran\u00e7ais Bernard Laboureau et avec le soutien de la Librairie Emporium de Ventimiglia (Italie).<\/p>\n\n\n\n<p>C\u2019est une manifestation dont le but est de mettre en exergue les \u00e9crivains locaux publi\u00e9s ainsi que ceux qui aspirent \u00e0 l\u2019\u00eatre. Il donne aussi la possibilit\u00e9 \u00e0 des \u00e9crivains venus d\u2019ailleurs, ou affirm\u00e9s, aux \u00e9diteurs, aux libraires et aux agents litt\u00e9raires d&#8217; \u00eatre pr\u00e9sents dans une proportion de 25% sur le total des Exposants.<\/p>\n\n\n\n<p>Vu la nature de la manifestation, qui met l\u2019accent sur la spiritualit\u00e9 comme valeur limpide et accessible, aucun livre ayant un contenu pornographique, blasph\u00e9matoire ou sacril\u00e8ge, ou qui s\u2019inspire \u00e0 des th\u00e9ories sectaires issues d\u2019organisations bas\u00e9es sur des rituels myst\u00e9rieux, qui puissent blesser la sensibilit\u00e9 de certains, que ce soit dans le contenu ou dans la repr\u00e9sentation graphique, ne sera accept\u00e9 et pourra \u00eatre retir\u00e9 par l\u2019Organisateur et \u00e9limin\u00e9 de la manifestation \u00e0 sa discr\u00e9tion.<\/p>\n\n\n\n<p>Les inscriptions au Salon du Livre Spirituel 2025, ainsi que le R\u00e8glement rempli et sign\u00e9 par chaque Exposant, devront \u00eatre adress\u00e9s \u00e0 l\u2019Organisateur par la poste ou par email:<\/p>\n\n\n\n<p>Palace des Ambassadeurs<br>3 rue Partouneaux<br>06500 Menton<\/p>\n\n\n\n<p>Mail:\u00a0<a href=\"Mail:\u00a0directeur@gha-menton.com\">  directeur@gha-menton.com<\/a><\/p>\n\n\n\n<p><\/p>\n\n\n\n<p><\/p>\n","protected":false},"excerpt":{"rendered":"<p>Le Salon du Livre spirituel des Rivieras a lieu chaque ann\u00e9e \u00e0 Menton, sur la C\u00f4te d\u2019Azur. Il est organis\u00e9 par la cin\u00e9aste et \u00e9crivaine Liana Marabini avec la collaboration de l\u2019\u00e9crivain fran\u00e7ais Bernard Laboureau et avec le soutien de la Librairie Emporium de Ventimiglia (Italie). C\u2019est une manifestation dont le but est de mettre [&hellip;]<\/p>\n","protected":false},"author":1,"featured_media":0,"parent":0,"menu_order":0,"comment_status":"closed","ping_status":"closed","template":"","meta":{"footnotes":""},"class_list":["post-2","page","type-page","status-publish","hentry"],"_links":{"self":[{"href":"https:\/\/salondesrivieras.com\/index.php\/wp-json\/wp\/v2\/pages\/2","targetHints":{"allow":["GET"]}}],"collection":[{"href":"https:\/\/salondesrivieras.com\/index.php\/wp-json\/wp\/v2\/pages"}],"about":[{"href":"https:\/\/salondesrivieras.com\/index.php\/wp-json\/wp\/v2\/types\/page"}],"author":[{"embeddable":true,"href":"https:\/\/salondesrivieras.com\/index.php\/wp-json\/wp\/v2\/users\/1"}],"replies":[{"embeddable":true,"href":"https:\/\/salondesrivieras.com\/index.php\/wp-json\/wp\/v2\/comments?post=2"}],"version-history":[{"count":20,"href":"https:\/\/salondesrivieras.com\/index.php\/wp-json\/wp\/v2\/pages\/2\/revisions"}],"predecessor-version":[{"id":380,"href":"https:\/\/salondesrivieras.com\/index.php\/wp-json\/wp\/v2\/pages\/2\/revisions\/380"}],"wp:attachment":[{"href":"https:\/\/salondesrivieras.com\/index.php\/wp-json\/wp\/v2\/media?parent=2"}],"curies":[{"name":"wp","href":"https:\/\/api.w.org\/{rel}","templated":true}]}}