{"id":299,"date":"2024-09-13T17:08:26","date_gmt":"2024-09-13T15:08:26","guid":{"rendered":"https:\/\/salondesrivieras.com\/?page_id=299"},"modified":"2024-09-14T08:13:20","modified_gmt":"2024-09-14T06:13:20","slug":"2024-2","status":"publish","type":"page","link":"https:\/\/salondesrivieras.com\/index.php\/2024-2\/","title":{"rendered":"2024"},"content":{"rendered":"\n<figure class=\"wp-block-table\"><table><tbody><tr><td>Antiquit\u00e9s&nbsp; du Louvre (France)<\/td><\/tr><tr><td>Biennale d\u2019Art Contemporain Sacr\u00e9 (France)<\/td><\/tr><tr><td>Caruso Luca&nbsp; (Italie)<\/td><\/tr><tr><td>Costa P. Giuseppe (Italie) &#8211; invit\u00e9 d&#8217;honneur<\/td><\/tr><tr><td>Davaine Madeleine-Marie (France)<\/td><\/tr><tr><td>De Giovanni Neria (Italie)<\/td><\/tr><tr><td>de Soli\u00e8res Patricia (France)<\/td><\/tr><tr><td>De La Touche Hugues (France)<\/td><\/tr><tr><td>Dyonisos&nbsp; Bookshop (Royaume-Uni)<\/td><\/tr><tr><td>Fondazione Ratzinger (Vatican)<\/td><\/tr><tr><td>Heidemann Steen (Pays-Bas)&nbsp;<\/td><\/tr><tr><td>Laboureau Bernard&nbsp; (France)<\/td><\/tr><tr><td>Liamar Multimedia (Italie)<\/td><\/tr><tr><td>Libreria Emporium (Italie)&nbsp;<\/td><\/tr><tr><td>Marabini Mauro (Monaco)<\/td><\/tr><tr><td>Reclus Jocelyne (France)<\/td><\/tr><tr><td>Tinfena Lucienne (France)<\/td><\/tr><tr><td>Tzoitis Nikos (Gr\u00e8ce)&nbsp;<\/td><\/tr><tr><td>Zanotti-Sorkine P. Michel-Marie (France)<\/td><\/tr><\/tbody><\/table><\/figure>\n\n\n\n<p class=\"has-accent-color has-text-color has-link-color has-large-font-size wp-elements-2530293adacfb632505c524a29c45e5d\"><strong>Invit\u00e9 d&#8217;honneur<\/strong><\/p>\n\n\n\n<p><strong>Giuseppe Costa (G\u00e9la, 1946).<\/strong><\/p>\n\n\n\n<p>Pr\u00eatre sal\u00e9sien et journaliste. Il a travaill\u00e9 dans les secteurs scolaire, de l&#8217;animation jeunesse et de la communication \u00e9crite. Il s&#8217;est sp\u00e9cialis\u00e9 en th\u00e9ologie pastorale \u00e0 l&#8217;Universit\u00e9 pontificale sal\u00e9sienne de Rome et a obtenu une ma\u00eetrise en journalisme \u00e0 l&#8217;Universit\u00e9 Marquette (Wisconsin, \u00c9tats-Unis). Il a \u00e9t\u00e9 professeur extraordinaire de journalisme et d&#8217;\u00e9dition \u00e0 l&#8217;Universit\u00e9 pontificale sal\u00e9sienne. Il a enseign\u00e9 \u00e0 l&#8217;Universit\u00e9 de Catane et \u00e0 Luiss.<\/p>\n\n\n\n<p>De 2007 \u00e0 2017, il a dirig\u00e9 la Libreria Editrice Vaticana. Il a \u00e9t\u00e9 consultant aupr\u00e8s du Conseil pontifical pour les communications sociales. De 2020 \u00e0 2024, il a \u00e9t\u00e9 secr\u00e9taire et co-porte-parole du Recteur Majeur des Sal\u00e9siens, le Cardinal \u00c1ngel Fern\u00e1ndez Artime. Il est membre du conseil d&#8217;administration de la Fondation Vaticane Joseph Ratzinger-Beno\u00eet XVI.<\/p>\n\n\n\n<p>Parmi ses nombreuses publications, on retient : Mots autour des m\u00e9dias (Sciascia, 2002), Photographie int\u00e9rieure (Edizioni della Meridiana, 2002), Derri\u00e8re le journal (Las, 2004), \u00c9dition, m\u00e9dias et religion (Lev, 2009). Avec Franco Zangrilli, il a publi\u00e9 Journalisme et litt\u00e9rature (Sciascia, 2005) ; avec Angelo Paoluzi Journalisme. Th\u00e9orie et pratique (Las, 2006).<\/p>\n","protected":false},"excerpt":{"rendered":"<p>Antiquit\u00e9s&nbsp; du Louvre (France) Biennale d\u2019Art Contemporain Sacr\u00e9 (France) Caruso Luca&nbsp; (Italie) Costa P. Giuseppe (Italie) &#8211; invit\u00e9 d&#8217;honneur Davaine Madeleine-Marie (France) De Giovanni Neria (Italie) de Soli\u00e8res Patricia (France) De La Touche Hugues (France) Dyonisos&nbsp; Bookshop (Royaume-Uni) Fondazione Ratzinger (Vatican) Heidemann Steen (Pays-Bas)&nbsp; Laboureau Bernard&nbsp; (France) Liamar Multimedia (Italie) Libreria Emporium (Italie)&nbsp; Marabini Mauro [&hellip;]<\/p>\n","protected":false},"author":1,"featured_media":0,"parent":0,"menu_order":0,"comment_status":"closed","ping_status":"closed","template":"","meta":{"footnotes":""},"class_list":["post-299","page","type-page","status-publish","hentry"],"_links":{"self":[{"href":"https:\/\/salondesrivieras.com\/index.php\/wp-json\/wp\/v2\/pages\/299","targetHints":{"allow":["GET"]}}],"collection":[{"href":"https:\/\/salondesrivieras.com\/index.php\/wp-json\/wp\/v2\/pages"}],"about":[{"href":"https:\/\/salondesrivieras.com\/index.php\/wp-json\/wp\/v2\/types\/page"}],"author":[{"embeddable":true,"href":"https:\/\/salondesrivieras.com\/index.php\/wp-json\/wp\/v2\/users\/1"}],"replies":[{"embeddable":true,"href":"https:\/\/salondesrivieras.com\/index.php\/wp-json\/wp\/v2\/comments?post=299"}],"version-history":[{"count":6,"href":"https:\/\/salondesrivieras.com\/index.php\/wp-json\/wp\/v2\/pages\/299\/revisions"}],"predecessor-version":[{"id":312,"href":"https:\/\/salondesrivieras.com\/index.php\/wp-json\/wp\/v2\/pages\/299\/revisions\/312"}],"wp:attachment":[{"href":"https:\/\/salondesrivieras.com\/index.php\/wp-json\/wp\/v2\/media?parent=299"}],"curies":[{"name":"wp","href":"https:\/\/api.w.org\/{rel}","templated":true}]}}