{"id":83,"date":"2021-09-21T09:52:32","date_gmt":"2021-09-21T07:52:32","guid":{"rendered":"https:\/\/salondesrivieras.com\/?page_id=83"},"modified":"2022-10-04T14:40:06","modified_gmt":"2022-10-04T12:40:06","slug":"edition-2021","status":"publish","type":"page","link":"https:\/\/salondesrivieras.com\/index.php\/edition-2021\/","title":{"rendered":"\u00c9dition 2021"},"content":{"rendered":"\n<p>La premi\u00e8re \u00e9dition de ce salon a connu un franc succ\u00e8s avec une trentaine d&#8217;exposants et de nombreuses ventes.<\/p>\n\n\n\n<p>L&#8217;invit\u00e9 d&#8217;honneur 2021 : \u00c9ditions du Cerf.<\/p>\n","protected":false},"excerpt":{"rendered":"<p>La premi\u00e8re \u00e9dition de ce salon a connu un franc succ\u00e8s avec une trentaine d&#8217;exposants et de nombreuses ventes. L&#8217;invit\u00e9 d&#8217;honneur 2021 : \u00c9ditions du Cerf.<\/p>\n","protected":false},"author":1,"featured_media":0,"parent":0,"menu_order":0,"comment_status":"closed","ping_status":"closed","template":"","meta":{"footnotes":""},"class_list":["post-83","page","type-page","status-publish","hentry"],"_links":{"self":[{"href":"https:\/\/salondesrivieras.com\/index.php\/wp-json\/wp\/v2\/pages\/83","targetHints":{"allow":["GET"]}}],"collection":[{"href":"https:\/\/salondesrivieras.com\/index.php\/wp-json\/wp\/v2\/pages"}],"about":[{"href":"https:\/\/salondesrivieras.com\/index.php\/wp-json\/wp\/v2\/types\/page"}],"author":[{"embeddable":true,"href":"https:\/\/salondesrivieras.com\/index.php\/wp-json\/wp\/v2\/users\/1"}],"replies":[{"embeddable":true,"href":"https:\/\/salondesrivieras.com\/index.php\/wp-json\/wp\/v2\/comments?post=83"}],"version-history":[{"count":3,"href":"https:\/\/salondesrivieras.com\/index.php\/wp-json\/wp\/v2\/pages\/83\/revisions"}],"predecessor-version":[{"id":151,"href":"https:\/\/salondesrivieras.com\/index.php\/wp-json\/wp\/v2\/pages\/83\/revisions\/151"}],"wp:attachment":[{"href":"https:\/\/salondesrivieras.com\/index.php\/wp-json\/wp\/v2\/media?parent=83"}],"curies":[{"name":"wp","href":"https:\/\/api.w.org\/{rel}","templated":true}]}}